{"id":23,"date":"2024-03-19T09:45:35","date_gmt":"2024-03-19T08:45:35","guid":{"rendered":"https:\/\/sac-planung.de\/?page_id=23"},"modified":"2024-06-03T08:49:26","modified_gmt":"2024-06-03T06:49:26","slug":"sac-planung","status":"publish","type":"page","link":"https:\/\/sac-planung.de\/","title":{"rendered":"SAC Planung"},"content":{"rendered":"\t\t<div data-elementor-type=\"wp-page\" data-elementor-id=\"23\" class=\"elementor elementor-23\" data-elementor-post-type=\"page\">\n\t\t\t\t<div class=\"elementor-element elementor-element-6b2fe72 e-flex e-con-boxed e-con e-parent\" data-id=\"6b2fe72\" data-element_type=\"container\" data-e-type=\"container\">\n\t\t\t\t\t<div class=\"e-con-inner\">\n\t\t\t\t<div class=\"elementor-element elementor-element-c94a6b6 elementor-widget elementor-widget-heading\" data-id=\"c94a6b6\" data-element_type=\"widget\" data-e-type=\"widget\" data-widget_type=\"heading.default\">\n\t\t\t\t<div class=\"elementor-widget-container\">\n\t\t\t\t\t<h1 class=\"elementor-heading-title elementor-size-default\">Die moderne softwareunterst\u00fctzte Planung<\/h1>\t\t\t\t<\/div>\n\t\t\t\t<\/div>\n\t\t\t\t\t<\/div>\n\t\t\t\t<\/div>\n\t\t<div class=\"elementor-element elementor-element-cc007fa e-flex e-con-boxed e-con e-parent\" data-id=\"cc007fa\" data-element_type=\"container\" data-e-type=\"container\">\n\t\t\t\t\t<div class=\"e-con-inner\">\n\t\t\t\t<div class=\"elementor-element elementor-element-03839cf elementor-widget elementor-widget-text-editor\" data-id=\"03839cf\" data-element_type=\"widget\" data-e-type=\"widget\" data-widget_type=\"text-editor.default\">\n\t\t\t\t<div class=\"elementor-widget-container\">\n\t\t\t\t\t\t\t\t\t<p>Die Planung ist in jedem Unternehmen elementar und oft durch Tools unterst\u00fctzt. Von Excel bis hin zur professionellen Planung mit SAP Tools. In vielen Unternehmen gibt es schon lange softwareunterst\u00fctzte Vorhersagen, Budgetierungen und Kostenstellenplanungen mit SAP Tools. H\u00e4ufig von Unternehmen eingesetzt ist das SAP ERP mit der klassischen Plantransaktion oder auch SAP Business Planning &amp; Consolidation (SAP BPC). Die <a href=\"https:\/\/www.sap.com\/products\/technology-platform\/cloud-analytics.html\" target=\"_blank\" rel=\"noopener\">SAP Analytics Cloud<\/a> erweiterte die Planungsm\u00f6glichkeiten nochmals und l\u00e4sst fast keine W\u00fcnsche in der Planung offen.<\/p>\t\t\t\t\t\t\t\t<\/div>\n\t\t\t\t<\/div>\n\t\t\t\t<div class=\"elementor-element elementor-element-d99cda0 elementor-widget-divider--view-line elementor-widget elementor-widget-divider\" data-id=\"d99cda0\" data-element_type=\"widget\" data-e-type=\"widget\" data-widget_type=\"divider.default\">\n\t\t\t\t<div class=\"elementor-widget-container\">\n\t\t\t\t\t\t\t<div class=\"elementor-divider\">\n\t\t\t<span class=\"elementor-divider-separator\">\n\t\t\t\t\t\t<\/span>\n\t\t<\/div>\n\t\t\t\t\t\t<\/div>\n\t\t\t\t<\/div>\n\t\t\t\t<div class=\"elementor-element elementor-element-0f43a1c elementor-widget elementor-widget-heading\" data-id=\"0f43a1c\" data-element_type=\"widget\" data-e-type=\"widget\" data-widget_type=\"heading.default\">\n\t\t\t\t<div class=\"elementor-widget-container\">\n\t\t\t\t\t<h2 class=\"elementor-heading-title elementor-size-default\">Alle Planungsfunktionen und Vorteile f\u00fcr Ihre SAC Planung erfahren:<\/h2>\t\t\t\t<\/div>\n\t\t\t\t<\/div>\n\t\t\t\t\t<\/div>\n\t\t\t\t<\/div>\n\t\t<div class=\"elementor-element elementor-element-348fe86 e-flex e-con-boxed e-con e-parent\" data-id=\"348fe86\" data-element_type=\"container\" data-e-type=\"container\">\n\t\t\t\t\t<div class=\"e-con-inner\">\n\t\t<div class=\"elementor-element elementor-element-3826f18 e-con-full e-flex e-con e-child\" data-id=\"3826f18\" data-element_type=\"container\" data-e-type=\"container\">\n\t\t\t\t<\/div>\n\t\t<div class=\"elementor-element elementor-element-32caa67 e-con-full e-flex e-con e-child\" data-id=\"32caa67\" data-element_type=\"container\" data-e-type=\"container\">\n\t\t\t\t<div class=\"elementor-element elementor-element-ae592b5 elementor-widget elementor-widget-image\" data-id=\"ae592b5\" data-element_type=\"widget\" data-e-type=\"widget\" data-widget_type=\"image.default\">\n\t\t\t\t<div class=\"elementor-widget-container\">\n\t\t\t\t\t\t\t\t\t\t\t\t\t\t\t\t<a href=\"https:\/\/titecon.de\/sac-planning\/\" target=\"_blank\" rel=\"noopener\">\n\t\t\t\t\t\t\t<img fetchpriority=\"high\" decoding=\"async\" width=\"736\" height=\"1058\" src=\"https:\/\/sac-planung.de\/wp-content\/uploads\/2024\/03\/SAC-Planung-min.png\" class=\"attachment-full size-full wp-image-15\" alt=\"SAC Planung\" srcset=\"https:\/\/sac-planung.de\/wp-content\/uploads\/2024\/03\/SAC-Planung-min.png 736w, https:\/\/sac-planung.de\/wp-content\/uploads\/2024\/03\/SAC-Planung-min-209x300.png 209w, https:\/\/sac-planung.de\/wp-content\/uploads\/2024\/03\/SAC-Planung-min-712x1024.png 712w\" sizes=\"(max-width: 736px) 100vw, 736px\" \/>\t\t\t\t\t\t\t\t<\/a>\n\t\t\t\t\t\t\t\t\t\t\t\t\t\t\t<\/div>\n\t\t\t\t<\/div>\n\t\t\t\t<\/div>\n\t\t<div class=\"elementor-element elementor-element-fd6337e e-con-full e-flex e-con e-child\" data-id=\"fd6337e\" data-element_type=\"container\" data-e-type=\"container\">\n\t\t\t\t<\/div>\n\t\t\t\t\t<\/div>\n\t\t\t\t<\/div>\n\t\t\t\t<\/div>\n\t\t","protected":false},"excerpt":{"rendered":"<p>Die moderne softwareunterst\u00fctzte Planung Die Planung ist in jedem Unternehmen elementar und oft durch Tools unterst\u00fctzt. Von Excel bis hin zur professionellen Planung mit SAP Tools. In vielen Unternehmen gibt es schon lange softwareunterst\u00fctzte Vorhersagen, Budgetierungen und Kostenstellenplanungen mit SAP Tools. H\u00e4ufig von Unternehmen eingesetzt ist das SAP ERP mit der klassischen Plantransaktion oder auch [&hellip;]<\/p>\n","protected":false},"author":2,"featured_media":0,"parent":0,"menu_order":0,"comment_status":"closed","ping_status":"closed","template":"","meta":{"footnotes":""},"class_list":{"1":"page"},"_links":{"self":[{"href":"https:\/\/sac-planung.de\/index.php?rest_route=\/wp\/v2\/pages\/23","targetHints":{"allow":["GET"]}}],"collection":[{"href":"https:\/\/sac-planung.de\/index.php?rest_route=\/wp\/v2\/pages"}],"about":[{"href":"https:\/\/sac-planung.de\/index.php?rest_route=\/wp\/v2\/types\/page"}],"author":[{"embeddable":true,"href":"https:\/\/sac-planung.de\/index.php?rest_route=\/wp\/v2\/users\/2"}],"replies":[{"embeddable":true,"href":"https:\/\/sac-planung.de\/index.php?rest_route=%2Fwp%2Fv2%2Fcomments&post=23"}],"version-history":[{"count":32,"href":"https:\/\/sac-planung.de\/index.php?rest_route=\/wp\/v2\/pages\/23\/revisions"}],"predecessor-version":[{"id":75,"href":"https:\/\/sac-planung.de\/index.php?rest_route=\/wp\/v2\/pages\/23\/revisions\/75"}],"wp:attachment":[{"href":"https:\/\/sac-planung.de\/index.php?rest_route=%2Fwp%2Fv2%2Fmedia&parent=23"}],"curies":[{"name":"wp","href":"https:\/\/api.w.org\/{rel}","templated":true}]}}